{"id":69,"date":"2025-07-27T21:35:38","date_gmt":"2025-07-27T19:35:38","guid":{"rendered":"https:\/\/wasserpiraten.org\/?page_id=69"},"modified":"2025-08-27T06:26:49","modified_gmt":"2025-08-27T04:26:49","slug":"anmelden-und-lospaddeln","status":"publish","type":"page","link":"https:\/\/wasserpiraten.org\/","title":{"rendered":"Hallo Paddelfreunde!"},"content":{"rendered":"\n<p>Bitte loggt euch ein:<\/p>\n\n\n\n<div class=\"wp-block-buttons is-layout-flex wp-block-buttons-is-layout-flex\">\n<div class=\"wp-block-button\"><a class=\"wp-block-button__link wp-element-button\" href=\"https:\/\/wasserpiraten.org\/?page_id=164\">einloggen<\/a><\/div>\n<\/div>\n\n\n\n<p>Oder registriert euch noch einmal: <\/p>\n\n\n\n<div class=\"wp-block-buttons is-layout-flex wp-block-buttons-is-layout-flex\">\n<div class=\"wp-block-button\"><a class=\"wp-block-button__link wp-element-button\" href=\"https:\/\/wasserpiraten.org\/?page_id=165\">registrieren<\/a><\/div>\n<\/div>\n\n\n\n<p>Sch\u00f6n, dass ihr euch nochmal angemeldet habt. Nun k\u00f6nnt ihr auf der Shopseite eure Bestellungen abgeben. <\/p>\n\n\n\n<p>Liebe Gr\u00fc\u00dfe<\/p>\n\n\n\n<p>Arlett und Roy<\/p>\n","protected":false},"excerpt":{"rendered":"<p>Bitte loggt euch ein: Oder registriert euch noch einmal: Sch\u00f6n, dass ihr euch nochmal angemeldet habt. Nun k\u00f6nnt ihr auf der Shopseite eure Bestellungen abgeben. Liebe Gr\u00fc\u00dfe Arlett und Roy<\/p>\n","protected":false},"author":1,"featured_media":0,"parent":0,"menu_order":0,"comment_status":"closed","ping_status":"closed","template":"","meta":{"footnotes":""},"class_list":["post-69","page","type-page","status-publish","hentry"],"_links":{"self":[{"href":"https:\/\/wasserpiraten.org\/index.php?rest_route=\/wp\/v2\/pages\/69","targetHints":{"allow":["GET"]}}],"collection":[{"href":"https:\/\/wasserpiraten.org\/index.php?rest_route=\/wp\/v2\/pages"}],"about":[{"href":"https:\/\/wasserpiraten.org\/index.php?rest_route=\/wp\/v2\/types\/page"}],"author":[{"embeddable":true,"href":"https:\/\/wasserpiraten.org\/index.php?rest_route=\/wp\/v2\/users\/1"}],"replies":[{"embeddable":true,"href":"https:\/\/wasserpiraten.org\/index.php?rest_route=%2Fwp%2Fv2%2Fcomments&post=69"}],"version-history":[{"count":12,"href":"https:\/\/wasserpiraten.org\/index.php?rest_route=\/wp\/v2\/pages\/69\/revisions"}],"predecessor-version":[{"id":241,"href":"https:\/\/wasserpiraten.org\/index.php?rest_route=\/wp\/v2\/pages\/69\/revisions\/241"}],"wp:attachment":[{"href":"https:\/\/wasserpiraten.org\/index.php?rest_route=%2Fwp%2Fv2%2Fmedia&parent=69"}],"curies":[{"name":"wp","href":"https:\/\/api.w.org\/{rel}","templated":true}]}}